{"id":2172,"date":"2025-04-10T19:04:48","date_gmt":"2025-04-10T19:04:48","guid":{"rendered":"https:\/\/reunionfiscales.nayarit.gob.mx\/?page_id=2172"},"modified":"2025-04-10T19:52:29","modified_gmt":"2025-04-10T19:52:29","slug":"hotel-sede","status":"publish","type":"page","link":"https:\/\/reunionuipe.nayarit.gob.mx\/?page_id=2172","title":{"rendered":"Hotel Sede"},"content":{"rendered":"\t\t<div data-elementor-type=\"wp-post\" data-elementor-id=\"2172\" class=\"elementor elementor-2172\" data-elementor-post-type=\"page\">\n\t\t\t\t<div class=\"elementor-element elementor-element-5f02ddf e-flex e-con-boxed e-con e-parent\" data-id=\"5f02ddf\" data-element_type=\"container\" data-e-type=\"container\" data-settings=\"{&quot;background_background&quot;:&quot;classic&quot;}\">\n\t\t\t\t\t<div class=\"e-con-inner\">\n\t\t<div class=\"elementor-element elementor-element-0502d81 e-con-full e-flex e-con e-child\" data-id=\"0502d81\" data-element_type=\"container\" data-e-type=\"container\">\n\t\t\t\t<div class=\"elementor-element elementor-element-03d202b elementor-widget elementor-widget-heading\" data-id=\"03d202b\" data-element_type=\"widget\" data-e-type=\"widget\" data-widget_type=\"heading.default\">\n\t\t\t\t<div class=\"elementor-widget-container\">\n\t\t\t\t\t<h1 class=\"elementor-heading-title elementor-size-default\">Hotel Sede<\/h1>\t\t\t\t<\/div>\n\t\t\t\t<\/div>\n\t\t\t\t<\/div>\n\t\t\t\t\t<\/div>\n\t\t\t\t<\/div>\n\t\t<div class=\"elementor-element elementor-element-f7a0776 e-flex e-con-boxed e-con e-parent\" data-id=\"f7a0776\" data-element_type=\"container\" data-e-type=\"container\">\n\t\t\t\t\t<div class=\"e-con-inner\">\n\t\t<div class=\"elementor-element elementor-element-19eeb2c e-con-full e-flex e-con e-child\" data-id=\"19eeb2c\" data-element_type=\"container\" data-e-type=\"container\">\n\t\t\t\t<div class=\"elementor-element elementor-element-65c296f elementor-widget elementor-widget-heading\" data-id=\"65c296f\" data-element_type=\"widget\" data-e-type=\"widget\" data-widget_type=\"heading.default\">\n\t\t\t\t<div class=\"elementor-widget-container\">\n\t\t\t\t\t<h2 class=\"elementor-heading-title elementor-size-default\">The Grand Mayan Nuevo Nayarit<\/h2>\t\t\t\t<\/div>\n\t\t\t\t<\/div>\n\t\t\t\t<div class=\"elementor-element elementor-element-74523ed elementor-widget elementor-widget-text-editor\" data-id=\"74523ed\" data-element_type=\"widget\" data-e-type=\"widget\" data-widget_type=\"text-editor.default\">\n\t\t\t\t<div class=\"elementor-widget-container\">\n\t\t\t\t\t\t\t\t\t<p>Av. Paseo de las moras s\/n Fracc. N\u00e1utico Tur\u00edstico CP 63735, Nuevo Nayarit, M\u00e9xico<\/p>\t\t\t\t\t\t\t\t<\/div>\n\t\t\t\t<\/div>\n\t\t\t\t<div class=\"elementor-element elementor-element-1ca7731 elementor-widget elementor-widget-image\" data-id=\"1ca7731\" data-element_type=\"widget\" data-e-type=\"widget\" data-widget_type=\"image.default\">\n\t\t\t\t<div class=\"elementor-widget-container\">\n\t\t\t\t\t\t\t\t\t\t\t\t\t\t\t\t<a href=\"https:\/\/www.vidanta.com\/web\/nuevo-vallarta\/the-grand-mayan\">\n\t\t\t\t\t\t\t<img decoding=\"async\" width=\"254\" height=\"122\" src=\"https:\/\/reunionuipe.nayarit.gob.mx\/wp-content\/uploads\/2025\/04\/LogoVidanta.jpeg\" class=\"attachment-large size-large wp-image-2186\" alt=\"\" \/>\t\t\t\t\t\t\t\t<\/a>\n\t\t\t\t\t\t\t\t\t\t\t\t\t\t\t<\/div>\n\t\t\t\t<\/div>\n\t\t\t\t<\/div>\n\t\t<div class=\"elementor-element elementor-element-27db019 e-con-full e-flex e-con e-child\" data-id=\"27db019\" data-element_type=\"container\" data-e-type=\"container\">\n\t\t\t\t<div class=\"elementor-element elementor-element-2ea6043 elementor-widget elementor-widget-image\" data-id=\"2ea6043\" data-element_type=\"widget\" data-e-type=\"widget\" data-widget_type=\"image.default\">\n\t\t\t\t<div class=\"elementor-widget-container\">\n\t\t\t\t\t\t\t\t\t\t\t\t\t\t\t<img fetchpriority=\"high\" decoding=\"async\" width=\"630\" height=\"386\" src=\"https:\/\/reunionuipe.nayarit.gob.mx\/wp-content\/uploads\/2025\/04\/Vidanta-nuveo-vallarta-the-grand-mayan-gallery-2.jpg\" class=\"attachment-large size-large wp-image-2183\" alt=\"\" srcset=\"https:\/\/reunionuipe.nayarit.gob.mx\/wp-content\/uploads\/2025\/04\/Vidanta-nuveo-vallarta-the-grand-mayan-gallery-2.jpg 630w, https:\/\/reunionuipe.nayarit.gob.mx\/wp-content\/uploads\/2025\/04\/Vidanta-nuveo-vallarta-the-grand-mayan-gallery-2-600x368.jpg 600w, https:\/\/reunionuipe.nayarit.gob.mx\/wp-content\/uploads\/2025\/04\/Vidanta-nuveo-vallarta-the-grand-mayan-gallery-2-300x184.jpg 300w\" sizes=\"(max-width: 630px) 100vw, 630px\" \/>\t\t\t\t\t\t\t\t\t\t\t\t\t\t\t<\/div>\n\t\t\t\t<\/div>\n\t\t\t\t<\/div>\n\t\t\t\t\t<\/div>\n\t\t\t\t<\/div>\n\t\t\t\t<\/div>\n\t\t","protected":false},"excerpt":{"rendered":"<p>Hotel Sede The Grand Mayan Nuevo Nayarit Av. Paseo de las moras s\/n Fracc. N\u00e1utico Tur\u00edstico CP 63735, Nuevo Nayarit, M\u00e9xico<\/p>\n","protected":false},"author":1,"featured_media":0,"parent":0,"menu_order":0,"comment_status":"closed","ping_status":"closed","template":"","meta":{"site-sidebar-layout":"no-sidebar","site-content-layout":"page-builder","ast-site-content-layout":"full-width-container","site-content-style":"unboxed","site-sidebar-style":"unboxed","ast-global-header-display":"","ast-banner-title-visibility":"","ast-main-header-display":"","ast-hfb-above-header-display":"","ast-hfb-below-header-display":"","ast-hfb-mobile-header-display":"","site-post-title":"disabled","ast-breadcrumbs-content":"","ast-featured-img":"disabled","footer-sml-layout":"","theme-transparent-header-meta":"enabled","adv-header-id-meta":"","stick-header-meta":"","header-above-stick-meta":"","header-main-stick-meta":"","header-below-stick-meta":"","astra-migrate-meta-layouts":"set","ast-page-background-enabled":"default","ast-page-background-meta":{"desktop":{"background-color":"","background-image":"","background-repeat":"repeat","background-position":"center center","background-size":"auto","background-attachment":"scroll","background-type":"","background-media":"","overlay-type":"","overlay-color":"","overlay-opacity":"","overlay-gradient":""},"tablet":{"background-color":"","background-image":"","background-repeat":"repeat","background-position":"center center","background-size":"auto","background-attachment":"scroll","background-type":"","background-media":"","overlay-type":"","overlay-color":"","overlay-opacity":"","overlay-gradient":""},"mobile":{"background-color":"","background-image":"","background-repeat":"repeat","background-position":"center center","background-size":"auto","background-attachment":"scroll","background-type":"","background-media":"","overlay-type":"","overlay-color":"","overlay-opacity":"","overlay-gradient":""}},"ast-content-background-meta":{"desktop":{"background-color":"var(--ast-global-color-5)","background-image":"","background-repeat":"repeat","background-position":"center center","background-size":"auto","background-attachment":"scroll","background-type":"","background-media":"","overlay-type":"","overlay-color":"","overlay-opacity":"","overlay-gradient":""},"tablet":{"background-color":"var(--ast-global-color-5)","background-image":"","background-repeat":"repeat","background-position":"center center","background-size":"auto","background-attachment":"scroll","background-type":"","background-media":"","overlay-type":"","overlay-color":"","overlay-opacity":"","overlay-gradient":""},"mobile":{"background-color":"var(--ast-global-color-5)","background-image":"","background-repeat":"repeat","background-position":"center center","background-size":"auto","background-attachment":"scroll","background-type":"","background-media":"","overlay-type":"","overlay-color":"","overlay-opacity":"","overlay-gradient":""}},"footnotes":""},"class_list":["post-2172","page","type-page","status-publish","hentry"],"_links":{"self":[{"href":"https:\/\/reunionuipe.nayarit.gob.mx\/index.php?rest_route=\/wp\/v2\/pages\/2172","targetHints":{"allow":["GET"]}}],"collection":[{"href":"https:\/\/reunionuipe.nayarit.gob.mx\/index.php?rest_route=\/wp\/v2\/pages"}],"about":[{"href":"https:\/\/reunionuipe.nayarit.gob.mx\/index.php?rest_route=\/wp\/v2\/types\/page"}],"author":[{"embeddable":true,"href":"https:\/\/reunionuipe.nayarit.gob.mx\/index.php?rest_route=\/wp\/v2\/users\/1"}],"replies":[{"embeddable":true,"href":"https:\/\/reunionuipe.nayarit.gob.mx\/index.php?rest_route=%2Fwp%2Fv2%2Fcomments&post=2172"}],"version-history":[{"count":16,"href":"https:\/\/reunionuipe.nayarit.gob.mx\/index.php?rest_route=\/wp\/v2\/pages\/2172\/revisions"}],"predecessor-version":[{"id":2224,"href":"https:\/\/reunionuipe.nayarit.gob.mx\/index.php?rest_route=\/wp\/v2\/pages\/2172\/revisions\/2224"}],"wp:attachment":[{"href":"https:\/\/reunionuipe.nayarit.gob.mx\/index.php?rest_route=%2Fwp%2Fv2%2Fmedia&parent=2172"}],"curies":[{"name":"wp","href":"https:\/\/api.w.org\/{rel}","templated":true}]}}